{"id":14,"date":"2014-07-29T14:25:44","date_gmt":"2014-07-29T12:25:44","guid":{"rendered":"http:\/\/svzweckel.de\/\/?page_id=14"},"modified":"2019-03-29T17:21:34","modified_gmt":"2019-03-29T16:21:34","slug":"verein","status":"publish","type":"page","link":"https:\/\/www.svzweckel.de\/?page_id=14","title":{"rendered":"Verein"},"content":{"rendered":"<p><span style=\"font-family: arial,helvetica,sans-serif; font-size: 10pt;\">Der SV Zweckel ist in der Saison 2008\/2009 in die Landesliga aufgestiegen und hat mit Ablauf der Saison 2011\/2012<br \/>\ndie Westfalenliga erreicht.<br \/>\n<\/span><\/p>\n<p><span style=\"font-family: arial,helvetica,sans-serif; font-size: 10pt;\">Ein weiterer H\u00f6hepunkt in sportlicher Hinsicht war der direkte Durchmarsch aus der Westfalenliga in die Oberliga Westfalen. Mit einem Punkt Vorsprung sicherte sich der SV Zweckel im letzten Heimspiel vor \u00fcber 1000 Zuschauern die Meisterschaft.<\/span><\/p>\n<p><span style=\"font-family: arial,helvetica,sans-serif; font-size: 10pt;\">Das selbstgegebene Motto: Tradition lebt! soll verdeutlichen, dass das Gewohnte, was den SV Zweckel vor vielen Jahren einmal auszeichnete, nicht verschwunden ist, sondern erneut geweckt wird. Die vergangenen Jahre haben gezeigt, dass der SV Zweckel mit guten Leistungen und erfolgreichem Fu\u00dfballspiel viele Menschen gewinnen kann, die mit ihrem Besuch oder anderen Leistungen den Verein unterst\u00fctzen <\/span><span style=\"font-family: arial,helvetica,sans-serif; font-size: 10pt;\">und wieder nach vorne bringen k\u00f6nnen. Eine Zuschauerresonanz von mehr als 300 Personen <\/span><span style=\"font-family: arial,helvetica,sans-serif; font-size: 10pt;\">bei den Heimspielen in der vergangen Saison ist ermutigend und l\u00e4sst hoffen, dass die <\/span><span style=\"font-family: arial,helvetica,sans-serif; font-size: 10pt;\">Euphorie auch in mittlerweile dritten Oberligasaison dazu f\u00fchrt, dass der SV Zweckel <\/span><span style=\"font-family: arial,helvetica,sans-serif; font-size: 10pt;\">erfolgreich Fu\u00dfball spielt und viele Menschen mit gutem Spiel begeistert.<br \/>\nAm Ende der Saison 2015\/16 musste die 1. Mannschaft leider den Abstieg in die Westfalenliga antreten. In den folgenden Jahren ging es \u00fcber die Landesliga wieder zur\u00fcck in die Bezirksliga, in welcher die Schwarz-Gr\u00fcnen in der Saison 2017\/18 angelangt sind.<br \/>\n<\/span><\/p>\n","protected":false},"excerpt":{"rendered":"<p>Der SV Zweckel ist in der Saison 2008\/2009 in die Landesliga aufgestiegen und hat mit Ablauf der Saison 2011\/2012 die Westfalenliga erreicht. Ein weiterer H\u00f6hepunkt in sportlicher Hinsicht war der direkte Durchmarsch aus der Westfalenliga in die Oberliga Westfalen. Mit einem Punkt Vorsprung sicherte sich der SV Zweckel im letzten Heimspiel vor \u00fcber 1000 Zuschauern [&hellip;]<\/p>\n","protected":false},"author":3,"featured_media":0,"parent":0,"menu_order":0,"comment_status":"open","ping_status":"closed","template":"page-onecolumn.php","meta":{"footnotes":""},"class_list":["post-14","page","type-page","status-publish","hentry"],"jetpack_sharing_enabled":true,"_links":{"self":[{"href":"https:\/\/www.svzweckel.de\/index.php?rest_route=\/wp\/v2\/pages\/14","targetHints":{"allow":["GET"]}}],"collection":[{"href":"https:\/\/www.svzweckel.de\/index.php?rest_route=\/wp\/v2\/pages"}],"about":[{"href":"https:\/\/www.svzweckel.de\/index.php?rest_route=\/wp\/v2\/types\/page"}],"author":[{"embeddable":true,"href":"https:\/\/www.svzweckel.de\/index.php?rest_route=\/wp\/v2\/users\/3"}],"replies":[{"embeddable":true,"href":"https:\/\/www.svzweckel.de\/index.php?rest_route=%2Fwp%2Fv2%2Fcomments&post=14"}],"version-history":[{"count":0,"href":"https:\/\/www.svzweckel.de\/index.php?rest_route=\/wp\/v2\/pages\/14\/revisions"}],"wp:attachment":[{"href":"https:\/\/www.svzweckel.de\/index.php?rest_route=%2Fwp%2Fv2%2Fmedia&parent=14"}],"curies":[{"name":"wp","href":"https:\/\/api.w.org\/{rel}","templated":true}]}}