{"id":4299,"date":"2016-01-16T19:35:49","date_gmt":"2016-01-16T19:35:49","guid":{"rendered":"http:\/\/www.svzweckel.de\/?page_id=4299"},"modified":"2026-04-13T09:33:40","modified_gmt":"2026-04-13T07:33:40","slug":"vorstand-2","status":"publish","type":"page","link":"https:\/\/www.svzweckel.de\/?page_id=4299","title":{"rendered":"Vorstand"},"content":{"rendered":"<h2>\u00a0<\/h2>\n<h2>Hauptvorstand<\/h2>\n<p><strong>Vorsitzender<\/strong><strong style=\"font-weight: bold;\"><br \/><\/strong>Ulrich Wloch<br \/><a href=\"mailto:wloch@svzweckel.de\">wloch@svzweckel.de<\/a><\/p>\n<p><strong>Stellvertretender Vorsitzender<br \/><\/strong>Timon Reschke<br \/><a href=\"mailto:wloch@svzweckel.de\">t.reschke@svzweckel.de<\/a><\/p>\n<p><strong>Schatzmeister<\/strong><strong style=\"font-weight: bold;\"><br \/><\/strong>Gregor Vollmer<strong style=\"font-weight: bold;\"><br \/><\/strong>+49 1575 1211541<strong style=\"font-weight: bold;\"><br \/><\/strong><a href=\"vollmer@svzweckel.de\">vollmer@svzweckel.de<\/a><\/p>\n<p><strong>1. Gesch\u00e4ftsf\u00fchrer<br \/><\/strong>Marius Kotlarek<br \/>+49 1573 4882177<br \/><a href=\"mailto:kotlarek@svzweckel.de\">kotlarek@svzweckel.de<\/a><\/p>\n<p><strong>2. Gesch\u00e4ftsf\u00fchrer<br \/><\/strong>Heinz Schl\u00fcsener<br \/>+49 173 2939315<br \/><a href=\"mailto:schluesener@svzweckel.de\">schluesener@svzweckel.de<\/a><\/p>\n<p><strong style=\"font-weight: bold;\">Schriftf\u00fchrer<br \/><\/strong>Michael Skerstinat<br \/><a href=\"mailto:michael@skerstinat.de\">michael@skerstinat.de<\/a><\/p>\n<p><strong style=\"font-weight: bold;\">Kassierer<br \/><\/strong>Ferdinand Hamann<br \/>Rene Schweikl<strong style=\"font-weight: bold;\"><br \/><\/strong><br \/><strong style=\"font-weight: bold;\">Mitgliederverwaltung\/Passwesen<br \/><\/strong>Roman Ofiera<br \/>Heinz Schl\u00fcsener<strong style=\"font-weight: bold;\"><br \/><\/strong>Michael Skerstinat<\/p>\n<h2>Alte Herren<\/h2>\n<p><strong>Abteilungsleiter<br \/><\/strong>Andre Finke<br \/><a href=\"mailto:finke.andre@freenet.de\">finke.andre@freenet.de<\/a><\/p>\n<p><strong>Jugendvorstand<\/strong><\/p>\n\n\n<figure class=\"wp-block-gallery has-nested-images columns-default is-cropped wp-block-gallery-1 is-layout-flex wp-block-gallery-is-layout-flex\">\n<figure class=\"wp-block-image size-large\"><img data-recalc-dims=\"1\" loading=\"lazy\" decoding=\"async\" width=\"640\" height=\"800\" data-id=\"19011\" src=\"https:\/\/i0.wp.com\/www.svzweckel.de\/wp-content\/uploads\/Blau-Beige-Modern-Elegant-Stellenanzeige-Medizinisch-Instagram-Beitrag-6.png?resize=640%2C800&#038;ssl=1\" alt=\"\" class=\"wp-image-19011\" srcset=\"https:\/\/i0.wp.com\/www.svzweckel.de\/wp-content\/uploads\/Blau-Beige-Modern-Elegant-Stellenanzeige-Medizinisch-Instagram-Beitrag-6.png?resize=640%2C800&amp;ssl=1 640w, https:\/\/i0.wp.com\/www.svzweckel.de\/wp-content\/uploads\/Blau-Beige-Modern-Elegant-Stellenanzeige-Medizinisch-Instagram-Beitrag-6.png?resize=240%2C300&amp;ssl=1 240w, https:\/\/i0.wp.com\/www.svzweckel.de\/wp-content\/uploads\/Blau-Beige-Modern-Elegant-Stellenanzeige-Medizinisch-Instagram-Beitrag-6.png?resize=120%2C150&amp;ssl=1 120w, https:\/\/i0.wp.com\/www.svzweckel.de\/wp-content\/uploads\/Blau-Beige-Modern-Elegant-Stellenanzeige-Medizinisch-Instagram-Beitrag-6.png?resize=768%2C960&amp;ssl=1 768w, https:\/\/i0.wp.com\/www.svzweckel.de\/wp-content\/uploads\/Blau-Beige-Modern-Elegant-Stellenanzeige-Medizinisch-Instagram-Beitrag-6.png?resize=150%2C188&amp;ssl=1 150w, https:\/\/i0.wp.com\/www.svzweckel.de\/wp-content\/uploads\/Blau-Beige-Modern-Elegant-Stellenanzeige-Medizinisch-Instagram-Beitrag-6.png?resize=80%2C100&amp;ssl=1 80w, https:\/\/i0.wp.com\/www.svzweckel.de\/wp-content\/uploads\/Blau-Beige-Modern-Elegant-Stellenanzeige-Medizinisch-Instagram-Beitrag-6.png?resize=40%2C50&amp;ssl=1 40w, https:\/\/i0.wp.com\/www.svzweckel.de\/wp-content\/uploads\/Blau-Beige-Modern-Elegant-Stellenanzeige-Medizinisch-Instagram-Beitrag-6.png?resize=20%2C25&amp;ssl=1 20w, https:\/\/i0.wp.com\/www.svzweckel.de\/wp-content\/uploads\/Blau-Beige-Modern-Elegant-Stellenanzeige-Medizinisch-Instagram-Beitrag-6.png?resize=256%2C320&amp;ssl=1 256w, https:\/\/i0.wp.com\/www.svzweckel.de\/wp-content\/uploads\/Blau-Beige-Modern-Elegant-Stellenanzeige-Medizinisch-Instagram-Beitrag-6.png?resize=96%2C120&amp;ssl=1 96w, https:\/\/i0.wp.com\/www.svzweckel.de\/wp-content\/uploads\/Blau-Beige-Modern-Elegant-Stellenanzeige-Medizinisch-Instagram-Beitrag-6.png?w=1080&amp;ssl=1 1080w\" sizes=\"auto, (max-width: 640px) 100vw, 640px\" \/><\/figure>\n<\/figure>\n\n\n\n<figure class=\"wp-block-gallery has-nested-images columns-default is-cropped wp-block-gallery-2 is-layout-flex wp-block-gallery-is-layout-flex\">\n<figure class=\"wp-block-image size-large\"><img data-recalc-dims=\"1\" loading=\"lazy\" decoding=\"async\" width=\"640\" height=\"800\" data-id=\"19012\" src=\"https:\/\/i0.wp.com\/www.svzweckel.de\/wp-content\/uploads\/Blau-Beige-Modern-Elegant-Stellenanzeige-Medizinisch-Instagram-Beitrag-7.png?resize=640%2C800&#038;ssl=1\" alt=\"\" class=\"wp-image-19012\" srcset=\"https:\/\/i0.wp.com\/www.svzweckel.de\/wp-content\/uploads\/Blau-Beige-Modern-Elegant-Stellenanzeige-Medizinisch-Instagram-Beitrag-7.png?resize=640%2C800&amp;ssl=1 640w, https:\/\/i0.wp.com\/www.svzweckel.de\/wp-content\/uploads\/Blau-Beige-Modern-Elegant-Stellenanzeige-Medizinisch-Instagram-Beitrag-7.png?resize=240%2C300&amp;ssl=1 240w, https:\/\/i0.wp.com\/www.svzweckel.de\/wp-content\/uploads\/Blau-Beige-Modern-Elegant-Stellenanzeige-Medizinisch-Instagram-Beitrag-7.png?resize=120%2C150&amp;ssl=1 120w, https:\/\/i0.wp.com\/www.svzweckel.de\/wp-content\/uploads\/Blau-Beige-Modern-Elegant-Stellenanzeige-Medizinisch-Instagram-Beitrag-7.png?resize=768%2C960&amp;ssl=1 768w, https:\/\/i0.wp.com\/www.svzweckel.de\/wp-content\/uploads\/Blau-Beige-Modern-Elegant-Stellenanzeige-Medizinisch-Instagram-Beitrag-7.png?resize=150%2C188&amp;ssl=1 150w, https:\/\/i0.wp.com\/www.svzweckel.de\/wp-content\/uploads\/Blau-Beige-Modern-Elegant-Stellenanzeige-Medizinisch-Instagram-Beitrag-7.png?resize=80%2C100&amp;ssl=1 80w, https:\/\/i0.wp.com\/www.svzweckel.de\/wp-content\/uploads\/Blau-Beige-Modern-Elegant-Stellenanzeige-Medizinisch-Instagram-Beitrag-7.png?resize=40%2C50&amp;ssl=1 40w, https:\/\/i0.wp.com\/www.svzweckel.de\/wp-content\/uploads\/Blau-Beige-Modern-Elegant-Stellenanzeige-Medizinisch-Instagram-Beitrag-7.png?resize=20%2C25&amp;ssl=1 20w, https:\/\/i0.wp.com\/www.svzweckel.de\/wp-content\/uploads\/Blau-Beige-Modern-Elegant-Stellenanzeige-Medizinisch-Instagram-Beitrag-7.png?resize=256%2C320&amp;ssl=1 256w, https:\/\/i0.wp.com\/www.svzweckel.de\/wp-content\/uploads\/Blau-Beige-Modern-Elegant-Stellenanzeige-Medizinisch-Instagram-Beitrag-7.png?resize=96%2C120&amp;ssl=1 96w, https:\/\/i0.wp.com\/www.svzweckel.de\/wp-content\/uploads\/Blau-Beige-Modern-Elegant-Stellenanzeige-Medizinisch-Instagram-Beitrag-7.png?w=1080&amp;ssl=1 1080w\" sizes=\"auto, (max-width: 640px) 100vw, 640px\" \/><\/figure>\n<\/figure>\n\n\n\n<figure class=\"wp-block-gallery has-nested-images columns-default is-cropped wp-block-gallery-3 is-layout-flex wp-block-gallery-is-layout-flex\">\n<figure class=\"wp-block-image size-large\"><img data-recalc-dims=\"1\" loading=\"lazy\" decoding=\"async\" width=\"640\" height=\"800\" data-id=\"19013\" src=\"https:\/\/i0.wp.com\/www.svzweckel.de\/wp-content\/uploads\/Blau-Beige-Modern-Elegant-Stellenanzeige-Medizinisch-Instagram-Beitrag-8.png?resize=640%2C800&#038;ssl=1\" alt=\"\" class=\"wp-image-19013\" srcset=\"https:\/\/i0.wp.com\/www.svzweckel.de\/wp-content\/uploads\/Blau-Beige-Modern-Elegant-Stellenanzeige-Medizinisch-Instagram-Beitrag-8.png?resize=640%2C800&amp;ssl=1 640w, https:\/\/i0.wp.com\/www.svzweckel.de\/wp-content\/uploads\/Blau-Beige-Modern-Elegant-Stellenanzeige-Medizinisch-Instagram-Beitrag-8.png?resize=240%2C300&amp;ssl=1 240w, https:\/\/i0.wp.com\/www.svzweckel.de\/wp-content\/uploads\/Blau-Beige-Modern-Elegant-Stellenanzeige-Medizinisch-Instagram-Beitrag-8.png?resize=120%2C150&amp;ssl=1 120w, https:\/\/i0.wp.com\/www.svzweckel.de\/wp-content\/uploads\/Blau-Beige-Modern-Elegant-Stellenanzeige-Medizinisch-Instagram-Beitrag-8.png?resize=768%2C960&amp;ssl=1 768w, https:\/\/i0.wp.com\/www.svzweckel.de\/wp-content\/uploads\/Blau-Beige-Modern-Elegant-Stellenanzeige-Medizinisch-Instagram-Beitrag-8.png?resize=150%2C188&amp;ssl=1 150w, https:\/\/i0.wp.com\/www.svzweckel.de\/wp-content\/uploads\/Blau-Beige-Modern-Elegant-Stellenanzeige-Medizinisch-Instagram-Beitrag-8.png?resize=80%2C100&amp;ssl=1 80w, https:\/\/i0.wp.com\/www.svzweckel.de\/wp-content\/uploads\/Blau-Beige-Modern-Elegant-Stellenanzeige-Medizinisch-Instagram-Beitrag-8.png?resize=40%2C50&amp;ssl=1 40w, https:\/\/i0.wp.com\/www.svzweckel.de\/wp-content\/uploads\/Blau-Beige-Modern-Elegant-Stellenanzeige-Medizinisch-Instagram-Beitrag-8.png?resize=20%2C25&amp;ssl=1 20w, https:\/\/i0.wp.com\/www.svzweckel.de\/wp-content\/uploads\/Blau-Beige-Modern-Elegant-Stellenanzeige-Medizinisch-Instagram-Beitrag-8.png?resize=256%2C320&amp;ssl=1 256w, https:\/\/i0.wp.com\/www.svzweckel.de\/wp-content\/uploads\/Blau-Beige-Modern-Elegant-Stellenanzeige-Medizinisch-Instagram-Beitrag-8.png?resize=96%2C120&amp;ssl=1 96w, https:\/\/i0.wp.com\/www.svzweckel.de\/wp-content\/uploads\/Blau-Beige-Modern-Elegant-Stellenanzeige-Medizinisch-Instagram-Beitrag-8.png?w=1080&amp;ssl=1 1080w\" sizes=\"auto, (max-width: 640px) 100vw, 640px\" \/><\/figure>\n<\/figure>\n\n\n\n<figure class=\"wp-block-gallery has-nested-images columns-default is-cropped wp-block-gallery-4 is-layout-flex wp-block-gallery-is-layout-flex\">\n<figure class=\"wp-block-image size-large\"><img data-recalc-dims=\"1\" loading=\"lazy\" decoding=\"async\" width=\"640\" height=\"800\" data-id=\"19014\" src=\"https:\/\/i0.wp.com\/www.svzweckel.de\/wp-content\/uploads\/Blau-Beige-Modern-Elegant-Stellenanzeige-Medizinisch-Instagram-Beitrag-9.png?resize=640%2C800&#038;ssl=1\" alt=\"\" class=\"wp-image-19014\" srcset=\"https:\/\/i0.wp.com\/www.svzweckel.de\/wp-content\/uploads\/Blau-Beige-Modern-Elegant-Stellenanzeige-Medizinisch-Instagram-Beitrag-9.png?resize=640%2C800&amp;ssl=1 640w, https:\/\/i0.wp.com\/www.svzweckel.de\/wp-content\/uploads\/Blau-Beige-Modern-Elegant-Stellenanzeige-Medizinisch-Instagram-Beitrag-9.png?resize=240%2C300&amp;ssl=1 240w, https:\/\/i0.wp.com\/www.svzweckel.de\/wp-content\/uploads\/Blau-Beige-Modern-Elegant-Stellenanzeige-Medizinisch-Instagram-Beitrag-9.png?resize=120%2C150&amp;ssl=1 120w, https:\/\/i0.wp.com\/www.svzweckel.de\/wp-content\/uploads\/Blau-Beige-Modern-Elegant-Stellenanzeige-Medizinisch-Instagram-Beitrag-9.png?resize=768%2C960&amp;ssl=1 768w, https:\/\/i0.wp.com\/www.svzweckel.de\/wp-content\/uploads\/Blau-Beige-Modern-Elegant-Stellenanzeige-Medizinisch-Instagram-Beitrag-9.png?resize=150%2C188&amp;ssl=1 150w, https:\/\/i0.wp.com\/www.svzweckel.de\/wp-content\/uploads\/Blau-Beige-Modern-Elegant-Stellenanzeige-Medizinisch-Instagram-Beitrag-9.png?resize=80%2C100&amp;ssl=1 80w, https:\/\/i0.wp.com\/www.svzweckel.de\/wp-content\/uploads\/Blau-Beige-Modern-Elegant-Stellenanzeige-Medizinisch-Instagram-Beitrag-9.png?resize=40%2C50&amp;ssl=1 40w, https:\/\/i0.wp.com\/www.svzweckel.de\/wp-content\/uploads\/Blau-Beige-Modern-Elegant-Stellenanzeige-Medizinisch-Instagram-Beitrag-9.png?resize=20%2C25&amp;ssl=1 20w, https:\/\/i0.wp.com\/www.svzweckel.de\/wp-content\/uploads\/Blau-Beige-Modern-Elegant-Stellenanzeige-Medizinisch-Instagram-Beitrag-9.png?resize=256%2C320&amp;ssl=1 256w, https:\/\/i0.wp.com\/www.svzweckel.de\/wp-content\/uploads\/Blau-Beige-Modern-Elegant-Stellenanzeige-Medizinisch-Instagram-Beitrag-9.png?resize=96%2C120&amp;ssl=1 96w, https:\/\/i0.wp.com\/www.svzweckel.de\/wp-content\/uploads\/Blau-Beige-Modern-Elegant-Stellenanzeige-Medizinisch-Instagram-Beitrag-9.png?w=1080&amp;ssl=1 1080w\" sizes=\"auto, (max-width: 640px) 100vw, 640px\" \/><\/figure>\n<\/figure>\n\n\n\n<figure class=\"wp-block-gallery has-nested-images columns-default is-cropped wp-block-gallery-5 is-layout-flex wp-block-gallery-is-layout-flex\">\n<figure class=\"wp-block-image size-large\"><img data-recalc-dims=\"1\" loading=\"lazy\" decoding=\"async\" width=\"640\" height=\"800\" data-id=\"19015\" src=\"https:\/\/i0.wp.com\/www.svzweckel.de\/wp-content\/uploads\/Blau-Beige-Modern-Elegant-Stellenanzeige-Medizinisch-Instagram-Beitrag-10.png?resize=640%2C800&#038;ssl=1\" alt=\"\" class=\"wp-image-19015\" srcset=\"https:\/\/i0.wp.com\/www.svzweckel.de\/wp-content\/uploads\/Blau-Beige-Modern-Elegant-Stellenanzeige-Medizinisch-Instagram-Beitrag-10.png?resize=640%2C800&amp;ssl=1 640w, https:\/\/i0.wp.com\/www.svzweckel.de\/wp-content\/uploads\/Blau-Beige-Modern-Elegant-Stellenanzeige-Medizinisch-Instagram-Beitrag-10.png?resize=240%2C300&amp;ssl=1 240w, https:\/\/i0.wp.com\/www.svzweckel.de\/wp-content\/uploads\/Blau-Beige-Modern-Elegant-Stellenanzeige-Medizinisch-Instagram-Beitrag-10.png?resize=120%2C150&amp;ssl=1 120w, https:\/\/i0.wp.com\/www.svzweckel.de\/wp-content\/uploads\/Blau-Beige-Modern-Elegant-Stellenanzeige-Medizinisch-Instagram-Beitrag-10.png?resize=768%2C960&amp;ssl=1 768w, https:\/\/i0.wp.com\/www.svzweckel.de\/wp-content\/uploads\/Blau-Beige-Modern-Elegant-Stellenanzeige-Medizinisch-Instagram-Beitrag-10.png?resize=150%2C188&amp;ssl=1 150w, https:\/\/i0.wp.com\/www.svzweckel.de\/wp-content\/uploads\/Blau-Beige-Modern-Elegant-Stellenanzeige-Medizinisch-Instagram-Beitrag-10.png?resize=80%2C100&amp;ssl=1 80w, https:\/\/i0.wp.com\/www.svzweckel.de\/wp-content\/uploads\/Blau-Beige-Modern-Elegant-Stellenanzeige-Medizinisch-Instagram-Beitrag-10.png?resize=40%2C50&amp;ssl=1 40w, https:\/\/i0.wp.com\/www.svzweckel.de\/wp-content\/uploads\/Blau-Beige-Modern-Elegant-Stellenanzeige-Medizinisch-Instagram-Beitrag-10.png?resize=20%2C25&amp;ssl=1 20w, https:\/\/i0.wp.com\/www.svzweckel.de\/wp-content\/uploads\/Blau-Beige-Modern-Elegant-Stellenanzeige-Medizinisch-Instagram-Beitrag-10.png?resize=256%2C320&amp;ssl=1 256w, https:\/\/i0.wp.com\/www.svzweckel.de\/wp-content\/uploads\/Blau-Beige-Modern-Elegant-Stellenanzeige-Medizinisch-Instagram-Beitrag-10.png?resize=96%2C120&amp;ssl=1 96w, https:\/\/i0.wp.com\/www.svzweckel.de\/wp-content\/uploads\/Blau-Beige-Modern-Elegant-Stellenanzeige-Medizinisch-Instagram-Beitrag-10.png?w=1080&amp;ssl=1 1080w\" sizes=\"auto, (max-width: 640px) 100vw, 640px\" \/><\/figure>\n<\/figure>\n\n\n\n<figure class=\"wp-block-gallery has-nested-images columns-default is-cropped wp-block-gallery-6 is-layout-flex wp-block-gallery-is-layout-flex\">\n<figure class=\"wp-block-image size-large\"><img data-recalc-dims=\"1\" loading=\"lazy\" decoding=\"async\" width=\"566\" height=\"800\" data-id=\"19016\" src=\"https:\/\/i0.wp.com\/www.svzweckel.de\/wp-content\/uploads\/SVZ-Jugendbuero-1.png?resize=566%2C800&#038;ssl=1\" alt=\"\" class=\"wp-image-19016\" srcset=\"https:\/\/i0.wp.com\/www.svzweckel.de\/wp-content\/uploads\/SVZ-Jugendbuero-1.png?resize=566%2C800&amp;ssl=1 566w, https:\/\/i0.wp.com\/www.svzweckel.de\/wp-content\/uploads\/SVZ-Jugendbuero-1.png?resize=212%2C300&amp;ssl=1 212w, https:\/\/i0.wp.com\/www.svzweckel.de\/wp-content\/uploads\/SVZ-Jugendbuero-1.png?resize=106%2C150&amp;ssl=1 106w, https:\/\/i0.wp.com\/www.svzweckel.de\/wp-content\/uploads\/SVZ-Jugendbuero-1.png?resize=768%2C1086&amp;ssl=1 768w, https:\/\/i0.wp.com\/www.svzweckel.de\/wp-content\/uploads\/SVZ-Jugendbuero-1.png?resize=1087%2C1536&amp;ssl=1 1087w, https:\/\/i0.wp.com\/www.svzweckel.de\/wp-content\/uploads\/SVZ-Jugendbuero-1.png?resize=150%2C212&amp;ssl=1 150w, https:\/\/i0.wp.com\/www.svzweckel.de\/wp-content\/uploads\/SVZ-Jugendbuero-1.png?resize=71%2C100&amp;ssl=1 71w, https:\/\/i0.wp.com\/www.svzweckel.de\/wp-content\/uploads\/SVZ-Jugendbuero-1.png?resize=35%2C50&amp;ssl=1 35w, https:\/\/i0.wp.com\/www.svzweckel.de\/wp-content\/uploads\/SVZ-Jugendbuero-1.png?resize=18%2C25&amp;ssl=1 18w, https:\/\/i0.wp.com\/www.svzweckel.de\/wp-content\/uploads\/SVZ-Jugendbuero-1.png?resize=226%2C320&amp;ssl=1 226w, https:\/\/i0.wp.com\/www.svzweckel.de\/wp-content\/uploads\/SVZ-Jugendbuero-1.png?resize=85%2C120&amp;ssl=1 85w, https:\/\/i0.wp.com\/www.svzweckel.de\/wp-content\/uploads\/SVZ-Jugendbuero-1.png?w=1415&amp;ssl=1 1415w, https:\/\/i0.wp.com\/www.svzweckel.de\/wp-content\/uploads\/SVZ-Jugendbuero-1.png?w=1280&amp;ssl=1 1280w\" sizes=\"auto, (max-width: 566px) 100vw, 566px\" \/><\/figure>\n<\/figure>\n","protected":false},"excerpt":{"rendered":"<p>\u00a0 Hauptvorstand VorsitzenderUlrich Wlochwloch@svzweckel.de Stellvertretender VorsitzenderTimon Reschket.reschke@svzweckel.de SchatzmeisterGregor Vollmer+49 1575 1211541vollmer@svzweckel.de 1. Gesch\u00e4ftsf\u00fchrerMarius Kotlarek+49 1573 4882177kotlarek@svzweckel.de 2. Gesch\u00e4ftsf\u00fchrerHeinz Schl\u00fcsener+49 173 2939315schluesener@svzweckel.de Schriftf\u00fchrerMichael Skerstinatmichael@skerstinat.de KassiererFerdinand HamannRene SchweiklMitgliederverwaltung\/PasswesenRoman OfieraHeinz Schl\u00fcsenerMichael Skerstinat Alte Herren AbteilungsleiterAndre Finkefinke.andre@freenet.de Jugendvorstand<\/p>\n","protected":false},"author":3,"featured_media":0,"parent":0,"menu_order":0,"comment_status":"closed","ping_status":"closed","template":"","meta":{"footnotes":""},"class_list":["post-4299","page","type-page","status-publish","hentry"],"jetpack_sharing_enabled":true,"_links":{"self":[{"href":"https:\/\/www.svzweckel.de\/index.php?rest_route=\/wp\/v2\/pages\/4299","targetHints":{"allow":["GET"]}}],"collection":[{"href":"https:\/\/www.svzweckel.de\/index.php?rest_route=\/wp\/v2\/pages"}],"about":[{"href":"https:\/\/www.svzweckel.de\/index.php?rest_route=\/wp\/v2\/types\/page"}],"author":[{"embeddable":true,"href":"https:\/\/www.svzweckel.de\/index.php?rest_route=\/wp\/v2\/users\/3"}],"replies":[{"embeddable":true,"href":"https:\/\/www.svzweckel.de\/index.php?rest_route=%2Fwp%2Fv2%2Fcomments&post=4299"}],"version-history":[{"count":16,"href":"https:\/\/www.svzweckel.de\/index.php?rest_route=\/wp\/v2\/pages\/4299\/revisions"}],"predecessor-version":[{"id":19038,"href":"https:\/\/www.svzweckel.de\/index.php?rest_route=\/wp\/v2\/pages\/4299\/revisions\/19038"}],"wp:attachment":[{"href":"https:\/\/www.svzweckel.de\/index.php?rest_route=%2Fwp%2Fv2%2Fmedia&parent=4299"}],"curies":[{"name":"wp","href":"https:\/\/api.w.org\/{rel}","templated":true}]}}