{"id":8204,"date":"2017-04-13T21:15:39","date_gmt":"2017-04-13T19:15:39","guid":{"rendered":"http:\/\/www.svzweckel.de\/?page_id=8204"},"modified":"2024-10-08T15:59:01","modified_gmt":"2024-10-08T13:59:01","slug":"darts-abteilung","status":"publish","type":"page","link":"https:\/\/www.svzweckel.de\/?page_id=8204","title":{"rendered":"Darts-Abteilung"},"content":{"rendered":"<p>Ein herzliches Gl\u00fcckauf!<\/p>\n<p>2017 gegr\u00fcndet h\u00e4tte niemand gedacht, wohin das ganze Konstrukt Dartsabteilung \u00fcberhaupt f\u00fchren wird. Wir, der 1. Zweckler Dartverein, sind in der Saison 2\/2017 zum ersten Mal im deutschen Sportautomatenbund (kurz: DSAB) an den Start gegangen.<\/p>\n<p>Damals noch in der C-Liga, der untersten deutschen Spielklasse. Nun spielt der 1. Zweckler Dartverein in der Bundesliga. Und nicht nur das: Aus einem Team wurden nun mittlerweile satte sechs Teams mit knapp 80 aktiven Dartspielern und Dartspielerinnen.<\/p>\n<p>Vier Mannschaften spielen hierbei im DSAB (Deutscher Sportautomatenbund). Neben dem Bundesligateam, gelang der zweiten Mannschaft Anfang 2024 der Sprung in die Bezirksliga, der dritth\u00f6chsten Spielklasse. Die dritte Mannschaft spielt seit Sommer 2024 in der A-Liga, die Vierte in der C-Liga und auch in der Rhein-Ruhr Dartliga stellen wir seit Neuestem wieder ein Team.<\/p>\n<p>Im Steeldart stellen wir derzeit eine Mannschaft in der Bezirksliga. Hier ist der Plan eine zweite Mannschaft zu gr\u00fcnden.<\/p>\n<p>Aktuelle Informationen zu unserer Abteilung findet ihr auf unserem <a href=\"_wp_link_placeholder\" data-wplink-edit=\"true\">Facebook<\/a>&#8211; und Instagram-Account.<\/p>\n<p>Einen festen Trainingstag haben wir aktuell nicht. Gerne k\u00f6nnt ihr allerdings \u00fcber Facebook oder Instagram mit uns in Kontakt treten, wenn ihr Lust habt, Teil des 1. Zweckler Dartvereins zu werden. Wir finden schon zueinander, bei\u00dfen nicht und freuen uns \u00fcber jeden Interessenten.<\/p>\n<p>Ansprechpartner:<\/p>\n<p>Abteilungsleiter Sebastian Schroer<br \/>\nstellv. Abteilungsleiter Christian Kulik<\/p>\n","protected":false},"excerpt":{"rendered":"<p>Ein herzliches Gl\u00fcckauf! 2017 gegr\u00fcndet h\u00e4tte niemand gedacht, wohin das ganze Konstrukt Dartsabteilung \u00fcberhaupt f\u00fchren wird. Wir, der 1. Zweckler Dartverein, sind in der Saison 2\/2017 zum ersten Mal im deutschen Sportautomatenbund (kurz: DSAB) an den Start gegangen. Damals noch in der C-Liga, der untersten deutschen Spielklasse. Nun spielt der 1. Zweckler Dartverein in der [&hellip;]<\/p>\n","protected":false},"author":3,"featured_media":13333,"parent":0,"menu_order":0,"comment_status":"closed","ping_status":"closed","template":"","meta":{"footnotes":""},"class_list":["post-8204","page","type-page","status-publish","has-post-thumbnail","hentry"],"jetpack_sharing_enabled":true,"_links":{"self":[{"href":"https:\/\/www.svzweckel.de\/index.php?rest_route=\/wp\/v2\/pages\/8204","targetHints":{"allow":["GET"]}}],"collection":[{"href":"https:\/\/www.svzweckel.de\/index.php?rest_route=\/wp\/v2\/pages"}],"about":[{"href":"https:\/\/www.svzweckel.de\/index.php?rest_route=\/wp\/v2\/types\/page"}],"author":[{"embeddable":true,"href":"https:\/\/www.svzweckel.de\/index.php?rest_route=\/wp\/v2\/users\/3"}],"replies":[{"embeddable":true,"href":"https:\/\/www.svzweckel.de\/index.php?rest_route=%2Fwp%2Fv2%2Fcomments&post=8204"}],"version-history":[{"count":1,"href":"https:\/\/www.svzweckel.de\/index.php?rest_route=\/wp\/v2\/pages\/8204\/revisions"}],"predecessor-version":[{"id":17424,"href":"https:\/\/www.svzweckel.de\/index.php?rest_route=\/wp\/v2\/pages\/8204\/revisions\/17424"}],"wp:featuredmedia":[{"embeddable":true,"href":"https:\/\/www.svzweckel.de\/index.php?rest_route=\/wp\/v2\/media\/13333"}],"wp:attachment":[{"href":"https:\/\/www.svzweckel.de\/index.php?rest_route=%2Fwp%2Fv2%2Fmedia&parent=8204"}],"curies":[{"name":"wp","href":"https:\/\/api.w.org\/{rel}","templated":true}]}}